{"id":98,"date":"2024-03-07T13:30:56","date_gmt":"2024-03-07T16:30:56","guid":{"rendered":"https:\/\/empleopergamino.com.ar\/?page_id=98"},"modified":"2024-05-02T11:47:25","modified_gmt":"2024-05-02T14:47:25","slug":"quienes-somos","status":"publish","type":"page","link":"https:\/\/empleopergamino.com.ar\/index.php\/quienes-somos\/","title":{"rendered":"\u00bfQui\u00e9nes somos?"},"content":{"rendered":"\t\t<div data-elementor-type=\"wp-page\" data-elementor-id=\"98\" class=\"elementor elementor-98\">\n\t\t\t\t<div class=\"elementor-element elementor-element-6581b18 e-flex e-con-boxed e-con e-parent\" data-id=\"6581b18\" data-element_type=\"container\" data-e-type=\"container\">\n\t\t\t\t\t<div class=\"e-con-inner\">\n\t\t\t\t<div class=\"elementor-element elementor-element-69dafec elementor-widget elementor-widget-text-editor\" data-id=\"69dafec\" data-element_type=\"widget\" data-e-type=\"widget\" data-widget_type=\"text-editor.default\">\n\t\t\t\t<div class=\"elementor-widget-container\">\n\t\t\t\t\t\t\t\t\t<h1>Direcci\u00f3n de Empleo y Emprendedurismo de la Municipalidad de Pergamino<\/h1><p>La direcci\u00f3n de Empleo y Emprendedurismo est\u00e1 integrada por un equipo de colaboradores que brinda servicios personalizados, adecu\u00e1ndose a las necesidades de quienes requieren orientaci\u00f3n ocupacional o inserci\u00f3n en un puesto de trabajo. Tambi\u00e9n asesora a las organizaciones y empresas que requieran de informaci\u00f3n sobre el mercado laboral, modalidades de contrataci\u00f3n o l\u00edneas gubernamentales que fomenten el empleo.<br \/>Promueve espacios de capacitaci\u00f3n y eventos para emprendedores locales, donde se busca, adem\u00e1s de capacitar, que estos puedan mostrar sus productos a la comunidad pergaminense.<\/p><p><strong>MISI\u00d3N<\/strong><br \/>Ofrecer servicios con alcance a toda la comunidad para promover un desarrollo del mercado laboral, optimizando la calidad y cantidad de los v\u00ednculos laborales de todo el partido. Potenciar nuevos emprendedores a trav\u00e9s de capacitaciones y eventos.<\/p><p><strong>VISI\u00d3N<\/strong><br \/>Realizar aportes significativos y cuantificables al empleo del partido de Pergamino.<\/p><p>\u00a0<\/p><p><strong>VALORES<\/strong><\/p><h5>Honestidad:<br \/>Actuaci\u00f3n de acuerdo a los est\u00e1ndares y normas \u00e9ticas establecidas.<\/h5><h5><br \/>Responsabilidad: <br \/>Actuar con coherencia entre los compromisos y el cumplimiento de los objetivos.<\/h5><h5><br \/>Aprendizaje: <br \/>Capacidad para incorporar nuevos esquemas y modelos cognitivos, nuevas formas de interpretar los hechos.<\/h5><p><br \/><strong>OBJETIVOS<\/strong><br \/>Brindar herramientas que faciliten la integraci\u00f3n al mercado laboral y emprendedor, para aquellas personas que se encuentran en b\u00fasqueda de empleo o de generar un emprendimiento. <br \/>Contribuir a la construcci\u00f3n del perfil laboral o emprendedor (aptitudinal y actitudinal) de los ciudadanos que est\u00e1n b\u00fasqueda de empleo en relaci\u00f3n de dependencia o de forma independiente. <br \/>Optimizar y operativizar las acciones de intermediaci\u00f3n laboral con el fin de acompa\u00f1ar la generaci\u00f3n de empleo atendiendo las demandas de las instituciones p\u00fablicas, privadas y organizaciones no gubernamentales.<br \/>Administrar y gestionar la base de datos de postulantes de la zona y la regi\u00f3n que se acercan voluntariamente a proveer sus datos.<\/p>\t\t\t\t\t\t\t\t<\/div>\n\t\t\t\t<\/div>\n\t\t\t\t\t<\/div>\n\t\t\t\t<\/div>\n\t\t\t\t<\/div>\n\t\t","protected":false},"excerpt":{"rendered":"<p>Direcci\u00f3n de Empleo y Emprendedurismo de la Municipalidad de Pergamino La direcci\u00f3n de Empleo y Emprendedurismo est\u00e1 integrada por un equipo de colaboradores que brinda servicios personalizados, adecu\u00e1ndose a las necesidades de quienes requieren orientaci\u00f3n ocupacional o inserci\u00f3n en un puesto de trabajo. Tambi\u00e9n asesora a las organizaciones y empresas que requieran de informaci\u00f3n sobre&hellip; <br \/> <a class=\"read-more\" href=\"https:\/\/empleopergamino.com.ar\/index.php\/quienes-somos\/\">Read more<\/a><\/p>\n","protected":false},"author":1,"featured_media":0,"parent":0,"menu_order":0,"comment_status":"closed","ping_status":"closed","template":"","meta":{"footnotes":""},"class_list":["post-98","page","type-page","status-publish","hentry"],"_links":{"self":[{"href":"https:\/\/empleopergamino.com.ar\/index.php\/wp-json\/wp\/v2\/pages\/98","targetHints":{"allow":["GET"]}}],"collection":[{"href":"https:\/\/empleopergamino.com.ar\/index.php\/wp-json\/wp\/v2\/pages"}],"about":[{"href":"https:\/\/empleopergamino.com.ar\/index.php\/wp-json\/wp\/v2\/types\/page"}],"author":[{"embeddable":true,"href":"https:\/\/empleopergamino.com.ar\/index.php\/wp-json\/wp\/v2\/users\/1"}],"replies":[{"embeddable":true,"href":"https:\/\/empleopergamino.com.ar\/index.php\/wp-json\/wp\/v2\/comments?post=98"}],"version-history":[{"count":13,"href":"https:\/\/empleopergamino.com.ar\/index.php\/wp-json\/wp\/v2\/pages\/98\/revisions"}],"predecessor-version":[{"id":250,"href":"https:\/\/empleopergamino.com.ar\/index.php\/wp-json\/wp\/v2\/pages\/98\/revisions\/250"}],"wp:attachment":[{"href":"https:\/\/empleopergamino.com.ar\/index.php\/wp-json\/wp\/v2\/media?parent=98"}],"curies":[{"name":"wp","href":"https:\/\/api.w.org\/{rel}","templated":true}]}}