{"id":6,"date":"2024-01-26T10:37:52","date_gmt":"2024-01-26T13:37:52","guid":{"rendered":"https:\/\/empleopergamino.com.ar\/index.php\/mesmerize\/"},"modified":"2025-08-07T11:19:11","modified_gmt":"2025-08-07T14:19:11","slug":"mesmerize","status":"publish","type":"page","link":"https:\/\/empleopergamino.com.ar\/","title":{"rendered":"Front Page"},"content":{"rendered":"<div  data-label=\"About\" data-id=\"about--1\" data-export-id=\"about-4\" data-category=\"about\" class=\"about-4 content-section content-section-spacing\" id=\"about-1\" style=\"background-color: rgb(255, 255, 255);\"><div  class=\"gridContainer\"> <div  class=\"row middle-sm text-center\"><div  class=\"col-sm-5 space-bottom-xs\" data-type=\"column\">  <h2  class=\"\">Microcr\u00e9ditos<\/h2> <p  class=\"\">Acced\u00e9 a los microcr\u00e9ditos para emprendedores de la municipalidad de Pergamino.<\/p> <a  class=\"button color1\" href=\"https:\/\/aplicativos.pergamino.gob.ar\/portalciudadano\/microcreditos.php\" target=\"_blank\" data-cp-link=\"1\">Acceder<\/a><\/div> <div  class=\"col-sm-7 flexbox center-xs middle-xs image-group-2-img\"> <img decoding=\"async\"  class=\"img-1 shadow-large\" data-size=\"250x200\" src=\"https:\/\/empleopergamino.com.ar\/wp-content\/uploads\/2025\/07\/cropped-que-es-un-microcredito-grafico-microprestamo.png\" title=\"cropped-que-es-un-microcredito-grafico-microprestamo.png\" alt=\"\"> <img decoding=\"async\"  class=\"img-2 shadow-large\" data-size=\"220x170\" src=\"https:\/\/empleopergamino.com.ar\/wp-content\/uploads\/2025\/08\/cropped-potenciarte.jpg\" title=\"cropped-potenciarte.jpg\" alt=\"\"><\/div> <\/div><\/div> <\/div>","protected":false},"excerpt":{"rendered":"<p>Microcr\u00e9ditos Acced\u00e9 a los microcr\u00e9ditos para emprendedores de la municipalidad de Pergamino. Acceder<\/p>\n","protected":false},"author":1,"featured_media":0,"parent":0,"menu_order":0,"comment_status":"closed","ping_status":"closed","template":"page-templates\/homepage.php","meta":{"footnotes":""},"class_list":["post-6","page","type-page","status-publish","hentry"],"_links":{"self":[{"href":"https:\/\/empleopergamino.com.ar\/index.php\/wp-json\/wp\/v2\/pages\/6","targetHints":{"allow":["GET"]}}],"collection":[{"href":"https:\/\/empleopergamino.com.ar\/index.php\/wp-json\/wp\/v2\/pages"}],"about":[{"href":"https:\/\/empleopergamino.com.ar\/index.php\/wp-json\/wp\/v2\/types\/page"}],"author":[{"embeddable":true,"href":"https:\/\/empleopergamino.com.ar\/index.php\/wp-json\/wp\/v2\/users\/1"}],"replies":[{"embeddable":true,"href":"https:\/\/empleopergamino.com.ar\/index.php\/wp-json\/wp\/v2\/comments?post=6"}],"version-history":[{"count":8,"href":"https:\/\/empleopergamino.com.ar\/index.php\/wp-json\/wp\/v2\/pages\/6\/revisions"}],"predecessor-version":[{"id":362,"href":"https:\/\/empleopergamino.com.ar\/index.php\/wp-json\/wp\/v2\/pages\/6\/revisions\/362"}],"wp:attachment":[{"href":"https:\/\/empleopergamino.com.ar\/index.php\/wp-json\/wp\/v2\/media?parent=6"}],"curies":[{"name":"wp","href":"https:\/\/api.w.org\/{rel}","templated":true}]}}