{"id":30,"date":"2024-01-29T09:47:41","date_gmt":"2024-01-29T12:47:41","guid":{"rendered":"https:\/\/empleopergamino.com.ar\/?page_id=30"},"modified":"2024-05-31T11:48:42","modified_gmt":"2024-05-31T14:48:42","slug":"contacto","status":"publish","type":"page","link":"https:\/\/empleopergamino.com.ar\/index.php\/contacto\/","title":{"rendered":"Contacto"},"content":{"rendered":"\t\t<div data-elementor-type=\"wp-page\" data-elementor-id=\"30\" class=\"elementor elementor-30\">\n\t\t\t\t<div class=\"elementor-element elementor-element-554bb51 e-flex e-con-boxed e-con e-parent\" data-id=\"554bb51\" data-element_type=\"container\" data-e-type=\"container\">\n\t\t\t\t\t<div class=\"e-con-inner\">\n\t\t\t\t<div class=\"elementor-element elementor-element-ec900e6 elementor-widget elementor-widget-html\" data-id=\"ec900e6\" data-element_type=\"widget\" data-e-type=\"widget\" data-widget_type=\"html.default\">\n\t\t\t\t<div class=\"elementor-widget-container\">\n\t\t\t\t\t<iframe width=\"425\" height=\"350\" src=\"https:\/\/www.openstreetmap.org\/export\/embed.html?bbox=-60.57196408510209%2C-33.89130261652747%2C-60.56990951299668%2C-33.8899978813597&amp;layer=mapnik&amp;marker=-33.890650251438345%2C-60.57093679904938\" style=\"border: 1px solid black\"><\/iframe><br\/><small><a href=\"https:\/\/www.openstreetmap.org\/?mlat=-33.89065&amp;mlon=-60.57094#map=19\/-33.89065\/-60.57094\">Ver el mapa m\u00e1s grande<\/a><\/small>\t\t\t\t<\/div>\n\t\t\t\t<\/div>\n\t\t\t\t\t<\/div>\n\t\t\t\t<\/div>\n\t\t<div class=\"elementor-element elementor-element-9efe852 e-flex e-con-boxed e-con e-parent\" data-id=\"9efe852\" data-element_type=\"container\" data-e-type=\"container\">\n\t\t\t\t\t<div class=\"e-con-inner\">\n\t\t\t\t<div class=\"elementor-element elementor-element-ef69533 elementor-widget elementor-widget-html\" data-id=\"ef69533\" data-element_type=\"widget\" data-e-type=\"widget\" data-widget_type=\"html.default\">\n\t\t\t\t<div class=\"elementor-widget-container\">\n\t\t\t\t\t<p class=\"card-text\"><i class=\"fa fa-map-marker\"><\/i>  Cnel Lagos 550, Pergamino, Buenos Aires<br><i class=\"fa fa-phone\"><\/i> Tel\u00e9fono: 2477 41-1575<br><i class=\"fa fa-phone\"><\/i> WhatsApp:  2477 50-1409<br><i class=\"fa fa-envelope\"><\/i> <a href=\"mailto:oepergamino@gmail.com\">oepergamino@gmail.com<\/a><br>La atenci\u00f3n al p\u00fablico es de lunes a viernes, de 8 a 13:30hs.<\/p>\t\t\t\t<\/div>\n\t\t\t\t<\/div>\n\t\t\t\t\t<\/div>\n\t\t\t\t<\/div>\n\t\t\t\t<\/div>\n\t\t","protected":false},"excerpt":{"rendered":"<p>Ver el mapa m\u00e1s grande Cnel Lagos 550, Pergamino, Buenos Aires Tel\u00e9fono: 2477 41-1575 WhatsApp: 2477 50-1409 oepergamino@gmail.comLa atenci\u00f3n al p\u00fablico es de lunes a viernes, de 8 a 13:30hs.<\/p>\n","protected":false},"author":1,"featured_media":0,"parent":0,"menu_order":0,"comment_status":"closed","ping_status":"closed","template":"","meta":{"footnotes":""},"class_list":["post-30","page","type-page","status-publish","hentry"],"_links":{"self":[{"href":"https:\/\/empleopergamino.com.ar\/index.php\/wp-json\/wp\/v2\/pages\/30","targetHints":{"allow":["GET"]}}],"collection":[{"href":"https:\/\/empleopergamino.com.ar\/index.php\/wp-json\/wp\/v2\/pages"}],"about":[{"href":"https:\/\/empleopergamino.com.ar\/index.php\/wp-json\/wp\/v2\/types\/page"}],"author":[{"embeddable":true,"href":"https:\/\/empleopergamino.com.ar\/index.php\/wp-json\/wp\/v2\/users\/1"}],"replies":[{"embeddable":true,"href":"https:\/\/empleopergamino.com.ar\/index.php\/wp-json\/wp\/v2\/comments?post=30"}],"version-history":[{"count":16,"href":"https:\/\/empleopergamino.com.ar\/index.php\/wp-json\/wp\/v2\/pages\/30\/revisions"}],"predecessor-version":[{"id":300,"href":"https:\/\/empleopergamino.com.ar\/index.php\/wp-json\/wp\/v2\/pages\/30\/revisions\/300"}],"wp:attachment":[{"href":"https:\/\/empleopergamino.com.ar\/index.php\/wp-json\/wp\/v2\/media?parent=30"}],"curies":[{"name":"wp","href":"https:\/\/api.w.org\/{rel}","templated":true}]}}