{"id":251,"date":"2024-05-02T11:51:37","date_gmt":"2024-05-02T14:51:37","guid":{"rendered":"https:\/\/empleopergamino.com.ar\/?page_id=251"},"modified":"2024-08-28T13:45:48","modified_gmt":"2024-08-28T16:45:48","slug":"oferta-educativa","status":"publish","type":"page","link":"https:\/\/empleopergamino.com.ar\/index.php\/oferta-educativa\/","title":{"rendered":"Oferta educativa"},"content":{"rendered":"\t\t<div data-elementor-type=\"wp-page\" data-elementor-id=\"251\" class=\"elementor elementor-251\">\n\t\t\t\t<div class=\"elementor-element elementor-element-5be8257 e-flex e-con-boxed e-con e-parent\" data-id=\"5be8257\" data-element_type=\"container\" data-e-type=\"container\">\n\t\t\t\t\t<div class=\"e-con-inner\">\n\t\t\t\t<div class=\"elementor-element elementor-element-1dfd439 elementor-widget elementor-widget-text-editor\" data-id=\"1dfd439\" data-element_type=\"widget\" data-e-type=\"widget\" data-widget_type=\"text-editor.default\">\n\t\t\t\t<div class=\"elementor-widget-container\">\n\t\t\t\t\t\t\t\t\t<p><strong>Instituto Superior de Formaci\u00f3n T\u00e9cnica <br>DR: RAMON CARRILLO<\/strong><\/p>\n<ul>\n<li>TECNICATURA SUPERIOR EN LABORATORIO DE ANALISIS CLINICOS \u2013 3 A\u00d1OS<\/li>\n<li>TECNICATURA SUPERIOR EN INSTRUMENTACION QUIRURGICA \u2013 3 A\u00d1OS<\/li>\n<li>TECNICATURA SUPERIOR EN SALUD CON ESPECIALIDAD EN RADIOLOGIA \u2013 3 A\u00d1OS<\/li>\n<\/ul>\n<p><strong>Conservatorio de M\u00fasica <br>JUAN CARLOS PAZ<\/strong><\/p>\n<ul>\n<li>PROFESORADO DE M\u00daSICA- ORIENTACI\u00d3N EDUCACI\u00d3N MUSICAL<\/li>\n<li>PROFESORADO EN M\u00daSICA -ORIENTACI\u00d3N INSTRUMENTO<\/li>\n<li>TECNICATURA EN CAPACITACI\u00d3N INSTRUMENTAL<\/li>\n<\/ul>\n<p>FORMACI\u00d3N B\u00c1SICA PARA NI\u00d1OS Y PREADOLESCENTES<br><em>NI\u00d1OS A PARTIR DE LOS 9 A\u00d1OS<\/em><\/p>\n<p>FORMACI\u00d3N B\u00c1SICA PARA J\u00d3VENES Y ADULTOS<br><em>ADULTOS SIN LIMITE DE EDAD<\/em><\/p>\n<p>PIANO &#8211; GUITARRA- SAXO &#8211; CLARINETE &#8211; FLAUTA TRAVERSA \u2013VIOLA &#8211; VIOLIN &#8211; VIOLONCELLO &#8211; TROMPETA \u2013 BANDONE\u00d3N &#8211; <em>CONTRABAJO Y TROMB\u00d3N<\/em> (SOLO A PARTIR DE LOS 14 A\u00d1OS)<\/p>\n<p><strong>Universidad Siglo 21<\/strong><\/p>\n<ul>\n<li>LICENCIATURA EN ADMINISTRACI\u00d3N \u2013 4 A\u00d1OS<\/li>\n<li>LICENCIATURA EN EDUCACI\u00d3N \u2013 2 A\u00d1OS<\/li>\n<li>LICENCIATURA EN INFORM\u00c1TICA \u2013 5 A\u00d1OS<\/li>\n<li>ACTUARIO \u2013 4 A\u00d1OS<\/li>\n<li>LICENCIATURA EN INTELIGENCIA DE NEGOCIOS DIGITALES \u2013 4 A\u00d1OS<\/li>\n<li>LICENCIATURA EN HIGIENE, SEGURIDAD Y MEDIO AMBIENTE DEL TRABAJO \u2013 4 A\u00d1OS<\/li>\n<li>LICENCIATURA EN PERIODISMO \u2013 4 A\u00d1OS<\/li>\n<li>LICENCIATURA EN RELACIONES P\u00daBLICAS E INSTITUCIONALES \u2013 4 A\u00d1OS<\/li>\n<li>LICENCIATURA EN GESTI\u00d3N DE RECURSOS HUMANOS \u2013 4 A\u00d1OS<\/li>\n<li>LICENCIATURA EN CRIMINOLOG\u00cdA Y SEGURIDAD \u2013 4 A\u00d1OS<\/li>\n<li>LICENCIATURA EN COMERCIALIZACI\u00d3N \u2013 MARKETING \u2013 4 A\u00d1OS<\/li>\n<li>LICENCIATURA EN CIENCIA POL\u00cdTICA Y GOBIERNO \u2013 4 A\u00d1OS<\/li>\n<li>LICENCIATURA EN ADMINISTRACI\u00d3N DE INFRAESTRUCTURA TECNOL\u00d3GICA \u2013 4 A\u00d1OS<\/li>\n<li>LICENCIATURA EN MATEM\u00c1TICA \u2013 4 A\u00d1OS<\/li>\n<li>LICENCIATURA EN ANTROPOLOG\u00cdA ORGANIZACIONAL \u2013 4 A\u00d1OS<\/li>\n<li>LICENCIATURA EN CIENCIA DE DATOS \u2013 4 A\u00d1OS<\/li>\n<li>LICENCIATURA EN COMERCIO INTERNACIONAL \u2013 4 A\u00d1OS<\/li>\n<li>LICENCIATURA EN RELACIONES INTERNACIONALES \u2013 4 A\u00d1OS<\/li>\n<li>LICENCIATURA EN DISE\u00d1O Y ANIMACI\u00d3N DIGITAL \u2013 4 A\u00d1OS<\/li>\n<li>ABOGAC\u00cdA \u2013 4 A\u00d1OS Y MEDIO<\/li>\n<li>LICENCIATURA EN DESARROLLO DE NEGOCIOS INMOBILIARIOS \u2013 2 A\u00d1OS<\/li>\n<li>LICENCIATURA EN SEGURIDAD INFORM\u00c1TICA \u2013 4 A\u00d1OS<\/li>\n<li>LICENCIATURA EN FINANZAS \u2013 4 A\u00d1OS<\/li>\n<li>LICENCIATURA EN ADMINISTRACI\u00d3N AGRARIA \u2013 4 A\u00d1OS<\/li>\n<li>LICENCIATURA EN LOG\u00cdSTICA GLOBAL \u2013 4 A\u00d1OS<\/li>\n<li>LICENCIATURA EN GESTI\u00d3N AMBIENTAL \u2013 4 A\u00d1OS<\/li>\n<li>LICENCIATURA EN INTELIGENCIA ARTIFICIAL Y ROB\u00d3TICA \u2013 4 A\u00d1OS<\/li>\n<li>LICENCIATURA EN TERAPIA OCUPACIONAL Y DESARROLLO HUMANO \u2013 4 A\u00d1OS<\/li>\n<li>LICENCIATURA EN ADMINISTRACI\u00d3N HOTELERA \u2013 4 A\u00d1OS<\/li>\n<li>ESCRIBAN\u00cdA \u2013 1 A\u00d1O<\/li>\n<li>LICENCIATURA EN GESTI\u00d3N TUR\u00cdSTICA \u2013 4 A\u00d1OS<\/li>\n<li>LICENCIATURA EN PUBLICIDAD \u2013 4 A\u00d1OS Y MEDIO<\/li>\n<li>LICENCIATURA EN ADMINISTRACI\u00d3N DE SERVICIOS DE SALUD \u2013 2 A\u00d1OS<\/li>\n<li>LICENCIATURA EN ADMINISTRACI\u00d3N P\u00daBLICA \u2013 4 A\u00d1OS<\/li>\n<li>LICENCIATURA EN EDUCACI\u00d3N Y NUEVAS TECNOLOG\u00cdAS \u2013 4 A\u00d1OS<\/li>\n<li>LICENCIATURA EN EMPRENDIMIENTO \u2013 2 A\u00d1OS<\/li>\n<li>LICENCIATURA EN BIOINFORM\u00c1TICA \u2013 4 A\u00d1OS<\/li>\n<li>LICENCIATURA EN GERONTOLOG\u00cdA \u2013 2 A\u00d1OS<\/li>\n<li>CONTADOR P\u00daBLICO \u2013 4 A\u00d1OS<\/li>\n<li>TECNICATURA EN GESTI\u00d3N CONTABLE E IMPOSITIVA \u2013 2 A\u00d1OS Y MEDIO<\/li>\n<li>TECNICATURA EN DIRECCI\u00d3N DE EQUIPOS DE VENTAS \u2013 2 A\u00d1OS Y MEDIO<\/li>\n<li>TECNICATURA EN RELACIONES LABORALES \u2013 2 A\u00d1OS Y MEDIO<\/li>\n<li>&nbsp;<\/li>\n<\/ul>\n<p><strong>UNNOBA<\/strong><\/p>\n<ul>\n<li>INGENIER\u00cdA AGRON\u00d3MICA \u2013 5 A\u00d1OS<\/li>\n<li>INGENIER\u00cdA EN ALIMENTOS \u2013 5 A\u00d1OS<\/li>\n<li>TECNICATURA EN PRODUCCION DE ALIMENTOS \u2013 3 A\u00d1OS<\/li>\n<li>LICENCIATURA EN GEN\u00c9TICA \u2013 5 A\u00d1OS<\/li>\n<\/ul>\n<ul>\n<li>LICENCIATURA EN ENFERMERIA \u2013 5 A\u00d1OS<\/li>\n<li><em>TITULO INTERMEDIO<\/em>: ENFERMERIA UNIVERSITARIA \u2013 3 A\u00d1OS<\/li>\n<\/ul>\n<ul>\n<li>LICENCIATURA EN ADMINISTRACI\u00d3N \u2013 4 A\u00d1OS<\/li>\n<li>CONTADOR PUBLICO \u2013 4 A\u00d1OS<\/li>\n<li>ABOGAC\u00cdA \u2013 5 A\u00d1OS<\/li>\n<li>TECNICATURA EN GESTI\u00d3N P\u00daBLICA \u2013 2 A\u00d1OS Y \u00bd<\/li>\n<li>TECNICATURA EN GESTION DE PYMES \u2013 2 A\u00d1OS Y \u00bd<\/li>\n<\/ul>\n<ul>\n<li>LICENCIATURA EN SISTEMAS \u2013 5 A\u00d1OS<\/li>\n<li><em>TITULO INTERMEDIO<\/em>: ANALISTA DE SISTEMAS \u2013 3 A\u00d1OS<\/li>\n<li>INGENIER\u00cdA EN INFORM\u00c1TICA \u2013 5 A\u00d1OS<\/li>\n<li>INGENIERIA INDUSTRIAL \u2013 5 A\u00d1OS<\/li>\n<li>INGENIER\u00cdA MEC\u00c1NICA \u2013 5 A\u00d1OS<\/li>\n<li>TECNICATURA EN MANTENIMIENTO INSDUSTRIAL \u2013 3 A\u00d1OS<\/li>\n<li>LICENCIATURA EN DISE\u00d1O DE INDUMENTARIA Y TEXTIL \u2013 5 A\u00d1OS<\/li>\n<li><em>TITULO INTERMEDIO<\/em>: TECNICATURA EN DISE\u00d1O DE INDUMENTARIA Y TEXTIL \u2013 3 A\u00d1OS<\/li>\n<li>LICENCIATURA EN DISE\u00d1O GRAFICO \u2013 5 A\u00d1OS<\/li>\n<li>T\u00cdTULO INTERMEDIO: TECNICATURA EN DISE\u00d1O DE GRAFICO \u2013 3 A\u00d1OS<\/li>\n<li>LICENCIATURA EN DISE\u00d1O INDUSTRIAL \u2013 5 A\u00d1OS<\/li>\n<li>T\u00cdTULO INTERMEDIO: TECNICATURA EN DISE\u00d1O INDUTRIAL \u2013 3 A\u00d1OS<\/li>\n<\/ul>\n<p><strong>Instituto Superior de Formaci\u00f3n Docente y T\u00e9cnica N\u00ba5<br>REGION DE LA NORPAMPA<\/strong><\/p>\n<ul>\n<li>TECNICATURA SUPERIOR EN TRABAJO SOCIAL \u2013 4 A\u00d1OS<\/li>\n<li>TECNICATURA SUPERIOR EN COMUNICACI\u00d3N MULTIMEDIAL \u2013 3 A\u00d1OS<\/li>\n<li>TECNICATURA SUPERIOR EN ACOMPA\u00d1AMIENTO TERAPEUTICO \u2013 3 A\u00d1OS<\/li>\n<li>TECNICATURA SUPERIOR EN PSICOPEDAGOGIA \u2013 4 A\u00d1OS<\/li>\n<li>PROFESORADO DE INGLES \u2013 4 A\u00d1OS<\/li>\n<li>PROFESORADO DE EDUCACION ESPECIAL \u2013 4 A\u00d1OS<\/li>\n<\/ul>\n<p><strong>&nbsp;<\/strong><\/p>\n<p><strong>Escuela de Artes<br>EMILIO PETTORUTI<\/strong><\/p>\n<ul>\n<li>TECNICATURA SUPERIOR EN CERAMICA \u2013 3 A\u00d1OS<\/li>\n<li>PROFESORADO DE TEATRO \u2013 4 A\u00d1OS<\/li>\n<\/ul>\n<p><strong>&nbsp;<\/strong><\/p>\n<p><strong>Instituto Superior de Formaci\u00f3n Docente N\u00ba 121<\/strong><\/p>\n<ul>\n<li>PROFESORADO DE EDUCACION INICIAL<\/li>\n<li>PROFESORADO DE EDUCACION PRIMARIA<\/li>\n<li>PROFESORADO DE EDUCACION FISICA<\/li>\n<\/ul>\n<p><strong>&nbsp;<\/strong><\/p>\n<p><strong>Instituto Superior de Formaci\u00f3n Docente y T\u00e9cnica N\u00ba 122<br>PRESIDENTE ARTURO ILLIA<\/strong><\/p>\n<ul>\n<li>PROFESORADO DE EDUCACION SECUNDARIA EN LENGUA Y LITERATURA \u2013 4 A\u00d1OS<\/li>\n<li>PROFESORADO DE EDUCACION SECUNDARIA EN MATEMATICA \u2013 4 A\u00d1OS<\/li>\n<li>PROFESORADO DE EDUCACION SECUNDARIA EN BIOLOGIA \u2013 4 A\u00d1OS<\/li>\n<li>PROFESORADO DE EDUCACION SECUNDARIA EN QUIMICA \u2013 4 A\u00d1OS<\/li>\n<li>PROFESORADO DE EDUCACION SECUNDARIA EN FISICA \u2013 4 A\u00d1OS<\/li>\n<li>PROFESORADO DE EDUCACION SECUNDARIA EN GEOGRAFIA \u2013 4 A\u00d1OS<\/li>\n<li>PROFESORADO DE EDUCACION SECUNDARIA EN HISTORIA \u2013 4 A\u00d1OS<\/li>\n<\/ul>\n<p><strong>UBA XXI<\/strong><\/p>\n<ul>\n<li>C.S.E. <em>(INTRODUCCION AL CONOCIMIENTO DE LA SOCIEDAD Y EL ESTADO) <\/em>\u2013 4 MESES<\/li>\n<li>P.C <em>(INTRODUCCION AL PENSAMIENTO CIENTIFICO) <\/em>\u2013 4 MESES<\/li>\n<li>QUIMICA \u2013 4 MESES<\/li>\n<\/ul>\n<p><strong>&nbsp;<\/strong><\/p>\n<p><strong>Centro Alta Est\u00e9tica Mirta Roviello<\/strong><\/p>\n<ul>\n<li>MAQUILLAJE PROFESIONAL \u2013 4 MESES<\/li>\n<li>MAQUILLAJE ARTISTICO \u2013 1 MES<\/li>\n<li>AUTOMAQUILLAJE \u2013 1 MES<\/li>\n<li>COSMETOLOGIA \u2013 6 MESES<\/li>\n<li>COMESTOLOGIA Y COSMIATRIA \u2013 12 MESES<\/li>\n<li>ESTETICA \u2013 12 MESES<\/li>\n<li>DRENAJE DERIVADO \u2013 5 MESES<\/li>\n<li>DEPILACION \u2013 4 MESES<\/li>\n<li>MANICURIA \u2013 4 MESES<\/li>\n<li>BELLEZA DE PIES \u2013 1 MES<\/li>\n<li>PODOCOSMETRIA \u2013 10 MESES<\/li>\n<li>REFLEXOLOGIA \u2013 4 MESES<\/li>\n<li>MASOTERAPIA \u2013 10 MESES<\/li>\n<li>DESCONTRACTURANTE \u2013 4 MESES<\/li>\n<li>MASAJE DEPORTIVO \u2013 4 MESES<\/li>\n<li>PELUQUERIA \u2013 12 MESES<\/li>\n<li>BARBERIA \u2013 6 MESES<\/li>\n<\/ul>\n<p><strong>EDDIS Educativa<\/strong><\/p>\n<ul>\n<li>PUBLICIDAD DIGITAL<\/li>\n<li>PROJECT MANAGER<\/li>\n<li>DISE\u00d1O UX-UI<\/li>\n<li>DISE\u00d1O GR\u00c1FICO DIGITAL<\/li>\n<li>DESARROLLO WEB FULL STACK<\/li>\n<li>FUNDAMENTOS DE PROGRAMACI\u00d3N<\/li>\n<li>COMMUNITY MANAGER<\/li>\n<li>MARKETING DIGITAL<\/li>\n<li>EDICI\u00d3N DE FOTOS Y V\u00cdDEOS<\/li>\n<li>PROGRAMACI\u00d3N DE VIDEOJUEGOS<\/li>\n<li>INTRODUCCI\u00d3N A LA PROGRAMACI\u00d3N<\/li>\n<li>T\u00c9CNICO EXTRACCIONISTA<\/li>\n<li>T\u00c9CNICAS DE HISOPADO<\/li>\n<li>T\u00c9CNICAS EN EXTRACCI\u00d3N DE PLASMA<\/li>\n<li>EXTRACCIONISTA PEDI\u00c1TRICO<\/li>\n<li>ASISTENCIAS M\u00c9DICAS + RCP<\/li>\n<li>AUXILIAR EN ESTERILIZACI\u00d3N<\/li>\n<li>ADMINISTRATIVO EN INSTITUCIONES DE SALUD<\/li>\n<li>EXTRACCIONISTA<\/li>\n<li>ENFERMER\u00cdA DOMICILIARIA Y CL\u00cdNICA<\/li>\n<li>LENGUA DE SE\u00d1AS<\/li>\n<li>AUXILIAR EN HEMOTERAPIA<\/li>\n<li>SECRETARIADO M\u00c9DICO<\/li>\n<li>INTRODUCCI\u00d3N AL NEURODESARROLLO<\/li>\n<li>ASISTENTE DE LABORATORIO DE AN\u00c1LISIS CL\u00cdNICOS<\/li>\n<li>ASISTENTE TERAP\u00c9UTICO<\/li>\n<li>AUXILIAR EN ESTIMULACI\u00d3N TEMPRANA<\/li>\n<li>INSPECCI\u00d3N BROMATOL\u00d3GICA<\/li>\n<li>BIOSEGURIDAD<\/li>\n<li>AUXILIAR DE FARMACIA<\/li>\n<li>MANIPULACI\u00d3N DE ALIMENTOS<\/li>\n<li>AUXILIAR EN CARDIOLOG\u00cdA<\/li>\n<li>INSTALACI\u00d3N Y REPARACI\u00d3N DE AIRES ACONDICIONADOS<\/li>\n<li>ELECTR\u00d3NICA B\u00c1SICA<\/li>\n<li>T\u00c9CNICO EN REFRIGERACI\u00d3N<\/li>\n<li>ELECTRICISTA INSTALADOR<\/li>\n<li>REPARADOR DE LAVARROPAS<\/li>\n<li>REPARADOR DE HELADERAS Y FREEZERS<\/li>\n<li>AUXILIAR EN SEGURIDAD E HIGIENE DEL TRABAJO<\/li>\n<li>ELECTRICISTA INDUSTRIAL<\/li>\n<li>REPARACI\u00d3N DE PLAYSTATION<\/li>\n<li>INFLUENCER<\/li>\n<li>REPARACI\u00d3N Y PROGRAMACI\u00d3N DE CELULARES<\/li>\n<li>ADMINISTRACI\u00d3N DE REDES SOCIALES<\/li>\n<li>BARTENDER<\/li>\n<li>CEREMONIAL Y PROTOCOLO<\/li>\n<li>ORGANIZACI\u00d3N DE EVENTOS<\/li>\n<li>RECLUTAMIENTO 2.0<\/li>\n<li>T\u00c9CNICAS DE VENTA Y NEGOCIACI\u00d3N<\/li>\n<li>LIDERAZGO Y TOMA DE DECISIONES<\/li>\n<li>GESTI\u00d3N EN EMPRENDIMIENTOS<\/li>\n<li>ASISTENTE DE RECURSOS HUMANOS<\/li>\n<li>LIQUIDACI\u00d3N DE SUELDOS E IMPUESTOS<\/li>\n<li>ASISTENTE DE DESPACHANTE DE ADUANA<\/li>\n<li>SECRETARIADO EJECUTIVO<\/li>\n<li>ASISTENTE ADMINISTRATIVO DE PYMES<\/li>\n<li>HERRAMIENTAS DE ADMINISTRACI\u00d3N DE PERSONAL<\/li>\n<li>TALLER PARA EMPRENDEDORES<\/li>\n<li>ASISTENTE EN LOG\u00cdSTICA Y DISTRIBUCI\u00d3N<\/li>\n<li>ASISTENTE JUR\u00cdDICO<\/li>\n<li>AUXILIAR CONTABLE<\/li>\n<li>MASAJISTA PROFESIONAL<\/li>\n<li>T\u00c9CNICAS DE MASAJES<\/li>\n<li>AUTOMAQUILLAJE<\/li>\n<li>MASOTERAPIA<\/li>\n<li>EST\u00c9TICA CORPORAL<\/li>\n<li>BELLEZA DE MANOS Y PIES<\/li>\n<li>COSMETOLOG\u00cdA INICIAL<\/li>\n<li>ADMINISTRACI\u00d3N HOTELERA<\/li>\n<li>ASESOR TUR\u00cdSTICO<\/li>\n<li>GESTI\u00d3N DE AGENCIA DE TURISMO<\/li>\n<li>EXCEL AVANZADO<\/li>\n<li>COMPUTACI\u00d3N PARA OFICINAS<\/li>\n<li>DISE\u00d1O DE P\u00c1GINAS WEB<\/li>\n<li>DISE\u00d1O GR\u00c1FICO<\/li>\n<li>REPARADOR DE PC Y NOTEBOOK<\/li>\n<li>MEC\u00c1NICA DEL AUTOMOTOR<\/li>\n<li>MEC\u00c1NICA DE MOTOS<\/li>\n<li>ENTRENAMIENTO FUNCIONAL<\/li>\n<li>INSTRUCTOR DE PILATES<\/li>\n<li>NUTRICI\u00d3N DEPORTIVA<\/li>\n<li>TALLER DE VIANDAS SALUDABLES<\/li>\n<li>PERSONAL TRAINER<\/li>\n<li>PREPARADOR F\u00cdSICO Y DEPORTIVO<\/li>\n<li>GESTI\u00d3N DEPORTIVA<\/li>\n<li>NUTRICI\u00d3N PARA EMBARAZADAS<\/li>\n<li>MASAJES DEPORTIVOS<\/li>\n<li>ADMINISTRACI\u00d3N RURAL<\/li>\n<li>RECICLAJE Y SUSTENTABILIDAD<\/li>\n<li>PENSAMIENTO POSITIVO<\/li>\n<li>HUERTA ORG\u00c1NICA<\/li>\n<\/ul>\n<p><strong>Centro de formaci\u00f3n laboral N\u00ba 401<\/strong><\/p>\n<ul>\n<li>ADMINISTRACI\u00d3N DE PYMES<\/li>\n<li>OPERACIONES BANCARIAS Y FINANCIERAS \/ LIQUIDACI\u00d3N DE IMPUESTOS \/ HABILIDADES PARA EMPRENDER<\/li>\n<li>AUXILIAR CONTABLE<\/li>\n<li>GESTI\u00d3N DE EMPRENDIMIENTOS PRODUCTIVOS \/ AUXILIAR EN MARKETING DE PRODUCTOS<\/li>\n<li>OPERADOR DE INFORM\u00c1TICA PARA ADMINISTRACI\u00d3N Y GESTI\u00d3N<\/li>\n<li>ACTUALIZACI\u00d3N PROFESIONAL EN DERECHO DE FAMILIA<\/li>\n<li>OPERADOR\/A DE HERRAMIENTAS DE MARKETING Y VENTA DIGITAL \/ HABILIDADES DIGITALES \/ T\u00c9CNICAS DE DISE\u00d1O GR\u00c1FICO EN SISTEMAS INFORM\u00c1TICOS NIVEL 1<\/li>\n<li>HABILIDADES DIGITALES \/ ADMINISTRACI\u00d3N DE BASE DE DATOS<\/li>\n<li>DISE\u00d1O DE P\u00c1GINA WEB \/ VENDEDOR\/A EN L\u00cdNEA<\/li>\n<li>EDITOR\/A AUDIOVISUAL<\/li>\n<li>PENSAMIENTO COMPUTACIONAL \u2013 PROGRAMACI\u00d3N \/ PROGRAMACI\u00d3N DE DISPOSITIVOS M\u00d3VILES<\/li>\n<li>PROGRAMACI\u00d3N WEB<\/li>\n<li>ELECTRICISTA EN INMUEBLES<\/li>\n<li>MONTADOR\/A ELECTRICISTA DOMICILIARIO \/ INSTALADOR\/A DE ALARMAS DE SEGURIDAD<\/li>\n<li>REPARADOR\/A DE ELECTRODOM\u00c9STICOS<\/li>\n<li>SOLDADOR\/A B\u00c1SICO<\/li>\n<li>HERRERO\/A<\/li>\n<li>ORGANIZACI\u00d3N DE EVENTOS \/ ESPECIALIZACI\u00d3N PROFESIONAL EN ORGANIZACI\u00d3N DE EVENTOS CORPORATIVOS \/ AUXILIAR EN PROTOCOLO Y CEREMONIAL<\/li>\n<li>ORGANIZADOR\/A DE OPERACIONES HOTELERAS \/ COORDINADOR\/A TUR\u00cdSTICO\/A \/ HABILIDADES PARA EMPRENDER<\/li>\n<li>OPERADOR\/A EN ELABORACI\u00d3N DE CONSERVAS DE FRUTAS Y HORTALIZAS<\/li>\n<li>PANADERO\/A<\/li>\n<li>MAESTRO\/A PIZZERO\/A ROTISERO\/A<\/li>\n<li>COCINA SUSTENTABLE \/ COCINA LIBRE DE GLUTEN \/ COCINA VEGETARIANA<\/li>\n<li>SERIGRAF\u00cdA \/ OPERADOR\/A EN T\u00c9CNICAS AVANZADAS EN SERIGRAF\u00cdA Y TERMO ESTAMPACI\u00d3N<\/li>\n<li>REPARACI\u00d3N DE M\u00c1QUINAS DE COSER INDUSTRIALES<\/li>\n<li>MODELISTA \u2013 PATRONISTA<\/li>\n<li>CONFECCI\u00d3N A MEDIDA (MODISTA\/O)<\/li>\n<li>OPERADOR\/A DE M\u00c1QUINA PARA LA CONFECCI\u00d3N DE INDUMENTARIA<\/li>\n<li>CONFECCI\u00d3N DE LENCER\u00cdA Y CORSETER\u00cdA \/ PATRONISTA Y CONFECCIONISTA DE ROPA DE BEB\u00c9<\/li>\n<li>ALTA COSTURA<\/li>\n<\/ul>\n<p><strong>Centro de Formaci\u00f3n Laboral N\u00ba 402<\/strong><\/p>\n<ul>\n<li>DISE\u00d1O Y FABRICACI\u00d3N DIGITAL<\/li>\n<li>INGL\u00c9S PARA \u00c1MBITOS T\u00c9CNICOS E INDUSTRIALES<\/li>\n<li>AUXILIAR MEC\u00c1NICO\/A DE AUTOMOTORES<\/li>\n<li>GASISTA DE UNIDADES UNIFUNCIONALES<\/li>\n<li>OPERACI\u00d3N DE M\u00c1QUINA VIAL<\/li>\n<li>MONTADOR\/A Y ELECTRICISTA DOMICILIARIO\/A<\/li>\n<li>TENDIDO DE REDES A\u00c9REAS<\/li>\n<li>INSTALADOR\/A DE SISTEMAS EL\u00c9CTRICOS DE ENERG\u00cdA RENOVABLE<\/li>\n<li>DISE\u00d1O PROYECTUAL ASISTIDO POR COMPUTADORA (AUTOCAD)<\/li>\n<li>MODELADO E IMPRESI\u00d3N 3D<\/li>\n<li>EMPALMADOR\/A DE FIBRA \u00d3PTICA<\/li>\n<li>ELECTR\u00d3NICA INDUSTRIAL<\/li>\n<\/ul>\n<p><strong>&nbsp;<\/strong><\/p>\n<p><strong>Centro de Formaci\u00f3n Laboral N\u00ba 403<br><em>UPCN<\/em><\/strong><\/p>\n<ul>\n<li>HABILIDADES DIGITALES<\/li>\n<li>PLANILLA DE C\u00c1LCULOS<\/li>\n<li>MARKETING Y VENTA EN L\u00cdNEA<\/li>\n<li>ADMINISTRACI\u00d3N DE BASE DE DATOS<\/li>\n<li>CAPACITACI\u00d3N EN INTELIGENCIA ARTIFICIAL<\/li>\n<li>PROGRAMACI\u00d3N JAVA<\/li>\n<li>HABILIDADES PARA EMPRENDER<\/li>\n<li>PROGRAMADOR WEB<\/li>\n<li>CAPACITACI\u00d3N EN LA NUBE<\/li>\n<li>MANIPULADOR DE ALIMENTOS<\/li>\n<li>COCINA VEGETARIANA<\/li>\n<li>ELABORACI\u00d3N DE ALFAJORES REGIONALES<\/li>\n<li>COCINA LIBRE DE GLUTEN<\/li>\n<li>MAESTRO\/A PIZZERO\/A Y ROTISERO\/A<\/li>\n<li>ACOMPA\u00d1ANTE TERAP\u00c9UTICO<\/li>\n<li>PROMOTOR\/A COMUNITARIO EN SALUD<\/li>\n<li>AUXILIAR EN INSTITUCIONES EDUCATIVAS<\/li>\n<li>INSTALADOR\/A Y REPARADOR\/A DE EQUIPOS DE CLIMATIZACI\u00d3N<\/li>\n<li>CLASIFICADOR\/A DE OLEAGINOSAS<\/li>\n<li>LIMPIEZA INSTITUCIONAL<\/li>\n<\/ul>\n<p><strong>Artes y Oficios<br>MONSE\u00d1OR SCALABRINI <\/strong><\/p>\n<ul>\n<li>PASTELER\u00cdA<\/li>\n<li>PELUQUER\u00cdA<\/li>\n<li>ELECTRICIDAD DEL AUTOMOTOR<\/li>\n<li>SOLDADURA<\/li>\n<li>CARPINTER\u00cdA<\/li>\n<li>ALBA\u00d1ILER\u00cdA<\/li>\n<li>ADMINISTRACI\u00d3N DE PYMES<\/li>\n<li>PANADER\u00cdA<\/li>\n<li>REPARACI\u00d3N E INSTALACI\u00d3N DE AIRES ACONDICIONADOS<\/li>\n<li>MEC\u00c1NICA DE AUTOS<\/li>\n<li>PROGRAMADOR DE PC<\/li>\n<li>COMPUTACI\u00d3N<\/li>\n<li>MEC\u00c1NICA DE MOTOS<\/li>\n<li>MODISTA<\/li>\n<\/ul>\n<p>.<\/p>\t\t\t\t\t\t\t\t<\/div>\n\t\t\t\t<\/div>\n\t\t\t\t\t<\/div>\n\t\t\t\t<\/div>\n\t\t<div class=\"elementor-element elementor-element-2a5f170 e-flex e-con-boxed e-con e-parent\" data-id=\"2a5f170\" data-element_type=\"container\" data-e-type=\"container\">\n\t\t\t\t\t<div class=\"e-con-inner\">\n\t\t\t\t<div class=\"elementor-element elementor-element-6bfb97f elementor-widget elementor-widget-text-editor\" data-id=\"6bfb97f\" data-element_type=\"widget\" data-e-type=\"widget\" data-widget_type=\"text-editor.default\">\n\t\t\t\t<div class=\"elementor-widget-container\">\n\t\t\t\t\t\t\t\t\t<iframe\n  id=\"inlineFrameExample\"\n  title=\"Inline Frame Example\"\n  width=\"100%\"\n  height=\"900\"\n  src=\"https:\/\/pergamino.ar\/empleo\/mapa.html\">\n<\/iframe>\t\t\t\t\t\t\t\t<\/div>\n\t\t\t\t<\/div>\n\t\t\t\t\t<\/div>\n\t\t\t\t<\/div>\n\t\t\t\t<\/div>\n\t\t","protected":false},"excerpt":{"rendered":"<p>Instituto Superior de Formaci\u00f3n T\u00e9cnica DR: RAMON CARRILLO TECNICATURA SUPERIOR EN LABORATORIO DE ANALISIS CLINICOS \u2013 3 A\u00d1OS TECNICATURA SUPERIOR EN INSTRUMENTACION QUIRURGICA \u2013 3 A\u00d1OS TECNICATURA SUPERIOR EN SALUD CON ESPECIALIDAD EN RADIOLOGIA \u2013 3 A\u00d1OS Conservatorio de M\u00fasica JUAN CARLOS PAZ PROFESORADO DE M\u00daSICA- ORIENTACI\u00d3N EDUCACI\u00d3N MUSICAL PROFESORADO EN M\u00daSICA -ORIENTACI\u00d3N INSTRUMENTO TECNICATURA&hellip; <br \/> <a class=\"read-more\" href=\"https:\/\/empleopergamino.com.ar\/index.php\/oferta-educativa\/\">Read more<\/a><\/p>\n","protected":false},"author":1,"featured_media":0,"parent":0,"menu_order":0,"comment_status":"closed","ping_status":"closed","template":"","meta":{"footnotes":""},"class_list":["post-251","page","type-page","status-publish","hentry"],"_links":{"self":[{"href":"https:\/\/empleopergamino.com.ar\/index.php\/wp-json\/wp\/v2\/pages\/251","targetHints":{"allow":["GET"]}}],"collection":[{"href":"https:\/\/empleopergamino.com.ar\/index.php\/wp-json\/wp\/v2\/pages"}],"about":[{"href":"https:\/\/empleopergamino.com.ar\/index.php\/wp-json\/wp\/v2\/types\/page"}],"author":[{"embeddable":true,"href":"https:\/\/empleopergamino.com.ar\/index.php\/wp-json\/wp\/v2\/users\/1"}],"replies":[{"embeddable":true,"href":"https:\/\/empleopergamino.com.ar\/index.php\/wp-json\/wp\/v2\/comments?post=251"}],"version-history":[{"count":10,"href":"https:\/\/empleopergamino.com.ar\/index.php\/wp-json\/wp\/v2\/pages\/251\/revisions"}],"predecessor-version":[{"id":340,"href":"https:\/\/empleopergamino.com.ar\/index.php\/wp-json\/wp\/v2\/pages\/251\/revisions\/340"}],"wp:attachment":[{"href":"https:\/\/empleopergamino.com.ar\/index.php\/wp-json\/wp\/v2\/media?parent=251"}],"curies":[{"name":"wp","href":"https:\/\/api.w.org\/{rel}","templated":true}]}}